{"id":381,"date":"2025-06-07T13:08:32","date_gmt":"2025-06-07T11:08:32","guid":{"rendered":"https:\/\/www.ianexia.com\/?page_id=381"},"modified":"2025-07-16T12:22:32","modified_gmt":"2025-07-16T10:22:32","slug":"mention-legale","status":"publish","type":"page","link":"https:\/\/www.ianexia.com\/index.php\/mention-legale\/","title":{"rendered":"Mention L\u00e9gale"},"content":{"rendered":"\t\t<div data-elementor-type=\"wp-page\" data-elementor-id=\"381\" class=\"elementor elementor-381\" data-elementor-post-type=\"page\">\n\t\t\t\t<div class=\"elementor-element elementor-element-44fc1079 e-con-full e-flex e-con e-parent\" data-id=\"44fc1079\" data-element_type=\"container\" data-settings=\"{&quot;background_background&quot;:&quot;classic&quot;}\">\n\t\t<div class=\"elementor-element elementor-element-735f287a e-con-full e-flex e-con e-child\" data-id=\"735f287a\" data-element_type=\"container\">\n\t\t<div class=\"elementor-element elementor-element-7b43712 e-con-full e-flex e-con e-child\" data-id=\"7b43712\" data-element_type=\"container\">\n\t\t\t\t<div class=\"elementor-element elementor-element-84a9ac4 elementor-widget elementor-widget-text-editor\" data-id=\"84a9ac4\" data-element_type=\"widget\" data-widget_type=\"text-editor.default\">\n\t\t\t\t<div class=\"elementor-widget-container\">\n\t\t\t\t\t\t\t\t\t<h1 data-start=\"220\" data-end=\"238\">MENTIONS L\u00c9GALES<\/h1><p data-start=\"194\" data-end=\"494\"><strong data-start=\"194\" data-end=\"205\">IANEXIA<\/strong> est une marque exploit\u00e9e par l&#8217;entreprise <strong data-start=\"248\" data-end=\"263\">IA CREATION<\/strong>, enregistr\u00e9e sous le num\u00e9ro SIRET <strong data-start=\"298\" data-end=\"313\">941 412 611<\/strong>, dont le si\u00e8ge est situ\u00e9 \u00e0 Toulouse.<br data-start=\"355\" data-end=\"358\" \/>Ce nom commercial est utilis\u00e9 pour l&#8217;ensemble des services et supports li\u00e9s \u00e0 l\u2019intelligence artificielle propos\u00e9s par <strong data-start=\"477\" data-end=\"493\">Marie Bordes<\/strong>.<\/p><ul data-start=\"496\" data-end=\"753\"><li data-start=\"496\" data-end=\"556\"><p data-start=\"498\" data-end=\"556\"><strong data-start=\"498\" data-end=\"508\">Statut<\/strong> : Entreprise individuelle \u2014 Auto-entrepreneur<\/p><\/li><li data-start=\"557\" data-end=\"584\"><p data-start=\"559\" data-end=\"584\"><strong data-start=\"559\" data-end=\"568\">SIREN<\/strong> : 941 412 611<\/p><\/li><li data-start=\"585\" data-end=\"634\"><p data-start=\"587\" data-end=\"634\"><strong data-start=\"587\" data-end=\"617\">Responsable de publication<\/strong> : Marie Bordes<\/p><\/li><li data-start=\"635\" data-end=\"670\"><p data-start=\"637\" data-end=\"670\"><strong data-start=\"637\" data-end=\"646\">Email<\/strong> : <a class=\"cursor-pointer\" rel=\"noopener\" data-start=\"649\" data-end=\"668\">contact@ianexia.com<\/a><\/p><\/li><li data-start=\"671\" data-end=\"705\"><p data-start=\"673\" data-end=\"705\"><strong data-start=\"673\" data-end=\"686\">T\u00e9l\u00e9phone<\/strong> : 07 78 10 50 67<\/p><\/li><li data-start=\"706\" data-end=\"753\"><p data-start=\"708\" data-end=\"753\"><strong data-start=\"708\" data-end=\"728\">Adresse du si\u00e8ge<\/strong> : disponible sur demande<\/p><\/li><\/ul><p data-start=\"503\" data-end=\"589\"><strong data-start=\"503\" data-end=\"520\">H\u00e9bergement :<\/strong><br data-start=\"520\" data-end=\"523\" \/>OVHcloud<br data-start=\"531\" data-end=\"534\" \/>2 rue Kellermann \u2014 59100 Roubaix \u2014 France<br data-start=\"575\" data-end=\"578\" \/><a class=\"\" href=\"http:\/\/www.ovh.com\/\" target=\"_new\" rel=\"noopener\" data-start=\"578\" data-end=\"589\">www.ovh.com<\/a><\/p><p data-start=\"591\" data-end=\"907\"><strong data-start=\"591\" data-end=\"621\">Propri\u00e9t\u00e9 intellectuelle :<\/strong><br data-start=\"621\" data-end=\"624\" \/>Le contenu du site <a class=\"\" href=\"http:\/\/www.ianexia.com\/\" target=\"_new\" rel=\"noopener\" data-start=\"643\" data-end=\"658\">www.ianexia.com<\/a> (textes, images, vid\u00e9os, graphismes, logo, etc.) est la propri\u00e9t\u00e9 exclusive de IA NEXIA, sauf mention contraire.<br data-start=\"771\" data-end=\"774\" \/>Toute reproduction, distribution ou utilisation de ces contenus est strictement interdite sans l\u2019accord pr\u00e9alable \u00e9crit de l\u2019\u00e9diteur.<\/p><p data-start=\"909\" data-end=\"1140\"><strong data-start=\"909\" data-end=\"929\">Responsabilit\u00e9 :<\/strong><br data-start=\"929\" data-end=\"932\" \/>IA NEXIA met tout en \u0153uvre pour fournir des informations fiables. Cependant, des erreurs ou omissions peuvent survenir.<br data-start=\"1051\" data-end=\"1054\" \/>L\u2019utilisateur est invit\u00e9 \u00e0 v\u00e9rifier l\u2019exactitude des informations aupr\u00e8s de l\u2019\u00e9diteur.<\/p><p data-start=\"1142\" data-end=\"1320\"><strong data-start=\"1142\" data-end=\"1179\">Droit applicable et juridiction :<\/strong><br data-start=\"1179\" data-end=\"1182\" \/>Le pr\u00e9sent site et ses mentions l\u00e9gales sont soumis au droit fran\u00e7ais.<br data-start=\"1252\" data-end=\"1255\" \/>En cas de litige, les tribunaux fran\u00e7ais seront seuls comp\u00e9tents.<\/p>\t\t\t\t\t\t\t\t<\/div>\n\t\t\t\t<\/div>\n\t\t\t\t<\/div>\n\t\t<div class=\"elementor-element elementor-element-cb8799d e-con-full e-flex e-con e-child\" data-id=\"cb8799d\" data-element_type=\"container\">\n\t\t\t\t<div class=\"elementor-element elementor-element-c372cd3 elementor-widget elementor-widget-text-editor\" data-id=\"c372cd3\" data-element_type=\"widget\" data-widget_type=\"text-editor.default\">\n\t\t\t\t<div class=\"elementor-widget-container\">\n\t\t\t\t\t\t\t\t\t<h1 data-start=\"1327\" data-end=\"1357\">POLITIQUE DE CONFIDENTIALIT\u00c9<\/h1><p data-start=\"1359\" data-end=\"1640\"><strong data-start=\"1359\" data-end=\"1398\">Collecte des donn\u00e9es personnelles :<\/strong><br data-start=\"1398\" data-end=\"1401\" \/>Le site <a class=\"\" href=\"http:\/\/www.ianexia.com\/\" target=\"_new\" rel=\"noopener\" data-start=\"1409\" data-end=\"1424\">www.ianexia.com<\/a> collecte uniquement les donn\u00e9es personnelles strictement n\u00e9cessaires via son formulaire de contact (nom, pr\u00e9nom, email, t\u00e9l\u00e9phone).<br data-start=\"1556\" data-end=\"1559\" \/>Ces informations permettent \u00e0 IA NEXIA de r\u00e9pondre aux demandes des utilisateurs.<\/p><p data-start=\"1642\" data-end=\"1881\"><strong data-start=\"1642\" data-end=\"1671\">Utilisation des donn\u00e9es :<\/strong><br data-start=\"1671\" data-end=\"1674\" \/>Les donn\u00e9es collect\u00e9es sont exclusivement destin\u00e9es \u00e0 IA NEXIA.<br data-start=\"1737\" data-end=\"1740\" \/>Elles ne sont en aucun cas transmises \u00e0 des tiers, sauf obligation l\u00e9gale.<br data-start=\"1814\" data-end=\"1817\" \/>Aucun transfert de donn\u00e9es hors Union Europ\u00e9enne n\u2019est effectu\u00e9.<\/p><p data-start=\"1883\" data-end=\"2006\"><strong data-start=\"1883\" data-end=\"1910\">Dur\u00e9e de conservation :<\/strong><br data-start=\"1910\" data-end=\"1913\" \/>Les donn\u00e9es sont conserv\u00e9es pendant une dur\u00e9e maximale de 3 ans \u00e0 compter du dernier contact.<\/p><p data-start=\"2008\" data-end=\"2288\"><strong data-start=\"2008\" data-end=\"2037\">Droits des utilisateurs :<\/strong><br data-start=\"2037\" data-end=\"2040\" \/>Conform\u00e9ment \u00e0 la loi Informatique et Libert\u00e9s et au RGPD, vous disposez d\u2019un droit d\u2019acc\u00e8s, de rectification, de suppression et d\u2019opposition concernant vos donn\u00e9es personnelles.<br data-start=\"2218\" data-end=\"2221\" \/>Pour exercer ce droit, vous pouvez contacter : <a class=\"cursor-pointer\" rel=\"noopener\" data-start=\"2268\" data-end=\"2287\">contact@ianexia.com<\/a>.<\/p><p data-start=\"2290\" data-end=\"2405\">Pour toute question concernant vos donn\u00e9es personnelles, vous pouvez \u00e9galement nous contacter \u00e0 cette m\u00eame adresse.<\/p><p data-start=\"2290\" data-end=\"2405\">\u00a0<\/p>\t\t\t\t\t\t\t\t<\/div>\n\t\t\t\t<\/div>\n\t\t\t\t<\/div>\n\t\t<div class=\"elementor-element elementor-element-dd813b2 e-con-full e-flex e-con e-child\" data-id=\"dd813b2\" data-element_type=\"container\">\n\t\t\t\t<div class=\"elementor-element elementor-element-5694c1c elementor-widget elementor-widget-text-editor\" data-id=\"5694c1c\" data-element_type=\"widget\" data-widget_type=\"text-editor.default\">\n\t\t\t\t<div class=\"elementor-widget-container\">\n\t\t\t\t\t\t\t\t\t<h1 data-start=\"2412\" data-end=\"2434\">POLITIQUE DE COOKIES<\/h1><p data-start=\"2436\" data-end=\"2608\">Le site <a class=\"\" href=\"http:\/\/www.ianexia.com\/\" target=\"_new\" rel=\"noopener\" data-start=\"2444\" data-end=\"2459\">www.ianexia.com<\/a> utilise des cookies de mesure d\u2019audience et de fonctionnement du site.<br data-start=\"2530\" data-end=\"2533\" \/>Ces cookies ne permettent pas l\u2019identification nominative des utilisateurs.<\/p><p data-start=\"2610\" data-end=\"2779\">En poursuivant votre navigation sur ce site, vous acceptez l\u2019utilisation de ces cookies.<br data-start=\"2698\" data-end=\"2701\" \/>Vous pouvez configurer vos pr\u00e9f\u00e9rences via les param\u00e8tres de votre navigateur.<\/p><p data-start=\"2781\" data-end=\"3014\"><em data-start=\"2781\" data-end=\"2861\">(Optionnel, \u00e0 ajouter si tu utilises Google Analytics ou autre outil de suivi)<\/em><br data-start=\"2861\" data-end=\"2864\" \/>Le site utilise Google Analytics pour l\u2019analyse de son audience. Vous pouvez d\u00e9sactiver les cookies d\u2019analyse dans les param\u00e8tres de votre navigateur.<\/p>\t\t\t\t\t\t\t\t<\/div>\n\t\t\t\t<\/div>\n\t\t\t\t<\/div>\n\t\t\t\t<\/div>\n\t\t\t\t<\/div>\n\t\t\t\t<\/div>\n\t\t","protected":false},"excerpt":{"rendered":"<p>MENTIONS L\u00c9GALES IANEXIA est une marque exploit\u00e9e par l&#8217;entreprise IA CREATION, enregistr\u00e9e sous le num\u00e9ro SIRET 941 412 611, dont le si\u00e8ge est situ\u00e9 \u00e0 Toulouse.Ce nom commercial est utilis\u00e9 pour l&#8217;ensemble des services et supports li\u00e9s \u00e0 l\u2019intelligence artificielle propos\u00e9s par Marie Bordes. Statut : Entreprise individuelle \u2014 Auto-entrepreneur SIREN : 941 412 611 [&hellip;]<\/p>\n","protected":false},"author":1,"featured_media":0,"parent":0,"menu_order":0,"comment_status":"closed","ping_status":"closed","template":"elementor_canvas","meta":{"_kadence_starter_templates_imported_post":false,"footnotes":""},"class_list":["post-381","page","type-page","status-publish","hentry"],"yoast_head":"<!-- This site is optimized with the Yoast SEO plugin v25.3 - https:\/\/yoast.com\/wordpress\/plugins\/seo\/ -->\n<title>Mention L\u00e9gale -<\/title>\n<meta name=\"robots\" content=\"index, follow, max-snippet:-1, max-image-preview:large, max-video-preview:-1\" \/>\n<link rel=\"canonical\" href=\"https:\/\/www.ianexia.com\/index.php\/mention-legale\/\" \/>\n<meta property=\"og:locale\" content=\"en_US\" \/>\n<meta property=\"og:type\" content=\"article\" \/>\n<meta property=\"og:title\" content=\"Mention L\u00e9gale -\" \/>\n<meta property=\"og:description\" content=\"MENTIONS L\u00c9GALES IANEXIA est une marque exploit\u00e9e par l&#8217;entreprise IA CREATION, enregistr\u00e9e sous le num\u00e9ro SIRET 941 412 611, dont le si\u00e8ge est situ\u00e9 \u00e0 Toulouse.Ce nom commercial est utilis\u00e9 pour l&#8217;ensemble des services et supports li\u00e9s \u00e0 l\u2019intelligence artificielle propos\u00e9s par Marie Bordes. Statut : Entreprise individuelle \u2014 Auto-entrepreneur SIREN : 941 412 611 [&hellip;]\" \/>\n<meta property=\"og:url\" content=\"https:\/\/www.ianexia.com\/index.php\/mention-legale\/\" \/>\n<meta property=\"article:modified_time\" content=\"2025-07-16T10:22:32+00:00\" \/>\n<meta name=\"twitter:card\" content=\"summary_large_image\" \/>\n<meta name=\"twitter:label1\" content=\"Est. reading time\" \/>\n\t<meta name=\"twitter:data1\" content=\"3 minutes\" \/>\n<script type=\"application\/ld+json\" class=\"yoast-schema-graph\">{\"@context\":\"https:\/\/schema.org\",\"@graph\":[{\"@type\":\"WebPage\",\"@id\":\"https:\/\/www.ianexia.com\/index.php\/mention-legale\/\",\"url\":\"https:\/\/www.ianexia.com\/index.php\/mention-legale\/\",\"name\":\"Mention L\u00e9gale -\",\"isPartOf\":{\"@id\":\"https:\/\/www.ianexia.com\/#website\"},\"datePublished\":\"2025-06-07T11:08:32+00:00\",\"dateModified\":\"2025-07-16T10:22:32+00:00\",\"breadcrumb\":{\"@id\":\"https:\/\/www.ianexia.com\/index.php\/mention-legale\/#breadcrumb\"},\"inLanguage\":\"en-US\",\"potentialAction\":[{\"@type\":\"ReadAction\",\"target\":[\"https:\/\/www.ianexia.com\/index.php\/mention-legale\/\"]}]},{\"@type\":\"BreadcrumbList\",\"@id\":\"https:\/\/www.ianexia.com\/index.php\/mention-legale\/#breadcrumb\",\"itemListElement\":[{\"@type\":\"ListItem\",\"position\":1,\"name\":\"Accueil\",\"item\":\"https:\/\/www.ianexia.com\/\"},{\"@type\":\"ListItem\",\"position\":2,\"name\":\"Mention L\u00e9gale\"}]},{\"@type\":\"WebSite\",\"@id\":\"https:\/\/www.ianexia.com\/#website\",\"url\":\"https:\/\/www.ianexia.com\/\",\"name\":\"IANEXIA\",\"description\":\"\",\"publisher\":{\"@id\":\"https:\/\/www.ianexia.com\/#organization\"},\"potentialAction\":[{\"@type\":\"SearchAction\",\"target\":{\"@type\":\"EntryPoint\",\"urlTemplate\":\"https:\/\/www.ianexia.com\/?s={search_term_string}\"},\"query-input\":{\"@type\":\"PropertyValueSpecification\",\"valueRequired\":true,\"valueName\":\"search_term_string\"}}],\"inLanguage\":\"en-US\"},{\"@type\":\"Organization\",\"@id\":\"https:\/\/www.ianexia.com\/#organization\",\"name\":\"IA NEXIA \u2013 Chatbots IA personnalis\u00e9s pour entreprises & ind\u00e9pendants\",\"url\":\"https:\/\/www.ianexia.com\/\",\"logo\":{\"@type\":\"ImageObject\",\"inLanguage\":\"en-US\",\"@id\":\"https:\/\/www.ianexia.com\/#\/schema\/logo\/image\/\",\"url\":\"http:\/\/www.ianexia.com\/wp-content\/uploads\/2025\/06\/IANNN.png\",\"contentUrl\":\"http:\/\/www.ianexia.com\/wp-content\/uploads\/2025\/06\/IANNN.png\",\"width\":1563,\"height\":1563,\"caption\":\"IA NEXIA \u2013 Chatbots IA personnalis\u00e9s pour entreprises & ind\u00e9pendants\"},\"image\":{\"@id\":\"https:\/\/www.ianexia.com\/#\/schema\/logo\/image\/\"}}]}<\/script>\n<!-- \/ Yoast SEO plugin. -->","yoast_head_json":{"title":"Mention L\u00e9gale -","robots":{"index":"index","follow":"follow","max-snippet":"max-snippet:-1","max-image-preview":"max-image-preview:large","max-video-preview":"max-video-preview:-1"},"canonical":"https:\/\/www.ianexia.com\/index.php\/mention-legale\/","og_locale":"en_US","og_type":"article","og_title":"Mention L\u00e9gale -","og_description":"MENTIONS L\u00c9GALES IANEXIA est une marque exploit\u00e9e par l&#8217;entreprise IA CREATION, enregistr\u00e9e sous le num\u00e9ro SIRET 941 412 611, dont le si\u00e8ge est situ\u00e9 \u00e0 Toulouse.Ce nom commercial est utilis\u00e9 pour l&#8217;ensemble des services et supports li\u00e9s \u00e0 l\u2019intelligence artificielle propos\u00e9s par Marie Bordes. Statut : Entreprise individuelle \u2014 Auto-entrepreneur SIREN : 941 412 611 [&hellip;]","og_url":"https:\/\/www.ianexia.com\/index.php\/mention-legale\/","article_modified_time":"2025-07-16T10:22:32+00:00","twitter_card":"summary_large_image","twitter_misc":{"Est. reading time":"3 minutes"},"schema":{"@context":"https:\/\/schema.org","@graph":[{"@type":"WebPage","@id":"https:\/\/www.ianexia.com\/index.php\/mention-legale\/","url":"https:\/\/www.ianexia.com\/index.php\/mention-legale\/","name":"Mention L\u00e9gale -","isPartOf":{"@id":"https:\/\/www.ianexia.com\/#website"},"datePublished":"2025-06-07T11:08:32+00:00","dateModified":"2025-07-16T10:22:32+00:00","breadcrumb":{"@id":"https:\/\/www.ianexia.com\/index.php\/mention-legale\/#breadcrumb"},"inLanguage":"en-US","potentialAction":[{"@type":"ReadAction","target":["https:\/\/www.ianexia.com\/index.php\/mention-legale\/"]}]},{"@type":"BreadcrumbList","@id":"https:\/\/www.ianexia.com\/index.php\/mention-legale\/#breadcrumb","itemListElement":[{"@type":"ListItem","position":1,"name":"Accueil","item":"https:\/\/www.ianexia.com\/"},{"@type":"ListItem","position":2,"name":"Mention L\u00e9gale"}]},{"@type":"WebSite","@id":"https:\/\/www.ianexia.com\/#website","url":"https:\/\/www.ianexia.com\/","name":"IANEXIA","description":"","publisher":{"@id":"https:\/\/www.ianexia.com\/#organization"},"potentialAction":[{"@type":"SearchAction","target":{"@type":"EntryPoint","urlTemplate":"https:\/\/www.ianexia.com\/?s={search_term_string}"},"query-input":{"@type":"PropertyValueSpecification","valueRequired":true,"valueName":"search_term_string"}}],"inLanguage":"en-US"},{"@type":"Organization","@id":"https:\/\/www.ianexia.com\/#organization","name":"IA NEXIA \u2013 Chatbots IA personnalis\u00e9s pour entreprises & ind\u00e9pendants","url":"https:\/\/www.ianexia.com\/","logo":{"@type":"ImageObject","inLanguage":"en-US","@id":"https:\/\/www.ianexia.com\/#\/schema\/logo\/image\/","url":"http:\/\/www.ianexia.com\/wp-content\/uploads\/2025\/06\/IANNN.png","contentUrl":"http:\/\/www.ianexia.com\/wp-content\/uploads\/2025\/06\/IANNN.png","width":1563,"height":1563,"caption":"IA NEXIA \u2013 Chatbots IA personnalis\u00e9s pour entreprises & ind\u00e9pendants"},"image":{"@id":"https:\/\/www.ianexia.com\/#\/schema\/logo\/image\/"}}]}},"_links":{"self":[{"href":"https:\/\/www.ianexia.com\/index.php\/wp-json\/wp\/v2\/pages\/381","targetHints":{"allow":["GET"]}}],"collection":[{"href":"https:\/\/www.ianexia.com\/index.php\/wp-json\/wp\/v2\/pages"}],"about":[{"href":"https:\/\/www.ianexia.com\/index.php\/wp-json\/wp\/v2\/types\/page"}],"author":[{"embeddable":true,"href":"https:\/\/www.ianexia.com\/index.php\/wp-json\/wp\/v2\/users\/1"}],"replies":[{"embeddable":true,"href":"https:\/\/www.ianexia.com\/index.php\/wp-json\/wp\/v2\/comments?post=381"}],"version-history":[{"count":37,"href":"https:\/\/www.ianexia.com\/index.php\/wp-json\/wp\/v2\/pages\/381\/revisions"}],"predecessor-version":[{"id":833,"href":"https:\/\/www.ianexia.com\/index.php\/wp-json\/wp\/v2\/pages\/381\/revisions\/833"}],"wp:attachment":[{"href":"https:\/\/www.ianexia.com\/index.php\/wp-json\/wp\/v2\/media?parent=381"}],"curies":[{"name":"wp","href":"https:\/\/api.w.org\/{rel}","templated":true}]}}